{"id":2199,"date":"2023-01-16T10:12:40","date_gmt":"2023-01-16T15:12:40","guid":{"rendered":"http:\/\/jesuiscapable.info\/activities\/radars-pedagogiques\/"},"modified":"2023-03-03T10:12:39","modified_gmt":"2023-03-03T15:12:39","slug":"speed-radars","status":"publish","type":"page","link":"https:\/\/jesuiscapable.info\/en\/activities\/speed-radars\/","title":{"rendered":"Speed Radars"},"content":{"rendered":"","protected":false},"excerpt":{"rendered":"","protected":false},"author":1,"featured_media":0,"parent":2195,"menu_order":0,"comment_status":"closed","ping_status":"closed","template":"","meta":{"_acf_changed":false,"footnotes":""},"class_list":["post-2199","page","type-page","status-publish","hentry","entry"],"acf":[],"yoast_head":"<!-- This site is optimized with the Yoast SEO plugin v25.5 - https:\/\/yoast.com\/wordpress\/plugins\/seo\/ -->\n<title>Speed Radars - \u00c0 pied \u00e0 v\u00e9lo je suis capable<\/title>\n<meta name=\"robots\" content=\"index, follow, max-snippet:-1, max-image-preview:large, max-video-preview:-1\" \/>\n<link rel=\"canonical\" href=\"https:\/\/jesuiscapable.info\/en\/activities\/speed-radars\/\" \/>\n<meta property=\"og:locale\" content=\"en_US\" \/>\n<meta property=\"og:type\" content=\"article\" \/>\n<meta property=\"og:title\" content=\"Speed Radars - \u00c0 pied \u00e0 v\u00e9lo je suis capable\" \/>\n<meta property=\"og:url\" content=\"https:\/\/jesuiscapable.info\/en\/activities\/speed-radars\/\" \/>\n<meta property=\"og:site_name\" content=\"\u00c0 pied \u00e0 v\u00e9lo je suis capable\" \/>\n<meta property=\"article:modified_time\" content=\"2023-03-03T15:12:39+00:00\" \/>\n<meta name=\"twitter:card\" content=\"summary_large_image\" \/>\n<script type=\"application\/ld+json\" class=\"yoast-schema-graph\">{\"@context\":\"https:\/\/schema.org\",\"@graph\":[{\"@type\":\"WebPage\",\"@id\":\"https:\/\/jesuiscapable.info\/en\/activities\/speed-radars\/\",\"url\":\"https:\/\/jesuiscapable.info\/en\/activities\/speed-radars\/\",\"name\":\"Speed Radars - \u00c0 pied \u00e0 v\u00e9lo je suis capable\",\"isPartOf\":{\"@id\":\"https:\/\/jesuiscapable.info\/#website\"},\"datePublished\":\"2023-01-16T15:12:40+00:00\",\"dateModified\":\"2023-03-03T15:12:39+00:00\",\"breadcrumb\":{\"@id\":\"https:\/\/jesuiscapable.info\/en\/activities\/speed-radars\/#breadcrumb\"},\"inLanguage\":\"en-US\",\"potentialAction\":[{\"@type\":\"ReadAction\",\"target\":[\"https:\/\/jesuiscapable.info\/en\/activities\/speed-radars\/\"]}]},{\"@type\":\"BreadcrumbList\",\"@id\":\"https:\/\/jesuiscapable.info\/en\/activities\/speed-radars\/#breadcrumb\",\"itemListElement\":[{\"@type\":\"ListItem\",\"position\":1,\"name\":\"Accueil\",\"item\":\"https:\/\/jesuiscapable.info\/en\/\"},{\"@type\":\"ListItem\",\"position\":2,\"name\":\"Activities\",\"item\":\"https:\/\/jesuiscapable.info\/en\/activities\/\"},{\"@type\":\"ListItem\",\"position\":3,\"name\":\"Speed Radars\"}]},{\"@type\":\"WebSite\",\"@id\":\"https:\/\/jesuiscapable.info\/#website\",\"url\":\"https:\/\/jesuiscapable.info\/\",\"name\":\"\u00c0 pied \u00e0 v\u00e9lo je suis capable\",\"description\":\"\",\"potentialAction\":[{\"@type\":\"SearchAction\",\"target\":{\"@type\":\"EntryPoint\",\"urlTemplate\":\"https:\/\/jesuiscapable.info\/?s={search_term_string}\"},\"query-input\":{\"@type\":\"PropertyValueSpecification\",\"valueRequired\":true,\"valueName\":\"search_term_string\"}}],\"inLanguage\":\"en-US\"}]}<\/script>\n<!-- \/ Yoast SEO plugin. -->","yoast_head_json":{"title":"Speed Radars - \u00c0 pied \u00e0 v\u00e9lo je suis capable","robots":{"index":"index","follow":"follow","max-snippet":"max-snippet:-1","max-image-preview":"max-image-preview:large","max-video-preview":"max-video-preview:-1"},"canonical":"https:\/\/jesuiscapable.info\/en\/activities\/speed-radars\/","og_locale":"en_US","og_type":"article","og_title":"Speed Radars - \u00c0 pied \u00e0 v\u00e9lo je suis capable","og_url":"https:\/\/jesuiscapable.info\/en\/activities\/speed-radars\/","og_site_name":"\u00c0 pied \u00e0 v\u00e9lo je suis capable","article_modified_time":"2023-03-03T15:12:39+00:00","twitter_card":"summary_large_image","schema":{"@context":"https:\/\/schema.org","@graph":[{"@type":"WebPage","@id":"https:\/\/jesuiscapable.info\/en\/activities\/speed-radars\/","url":"https:\/\/jesuiscapable.info\/en\/activities\/speed-radars\/","name":"Speed Radars - \u00c0 pied \u00e0 v\u00e9lo je suis capable","isPartOf":{"@id":"https:\/\/jesuiscapable.info\/#website"},"datePublished":"2023-01-16T15:12:40+00:00","dateModified":"2023-03-03T15:12:39+00:00","breadcrumb":{"@id":"https:\/\/jesuiscapable.info\/en\/activities\/speed-radars\/#breadcrumb"},"inLanguage":"en-US","potentialAction":[{"@type":"ReadAction","target":["https:\/\/jesuiscapable.info\/en\/activities\/speed-radars\/"]}]},{"@type":"BreadcrumbList","@id":"https:\/\/jesuiscapable.info\/en\/activities\/speed-radars\/#breadcrumb","itemListElement":[{"@type":"ListItem","position":1,"name":"Accueil","item":"https:\/\/jesuiscapable.info\/en\/"},{"@type":"ListItem","position":2,"name":"Activities","item":"https:\/\/jesuiscapable.info\/en\/activities\/"},{"@type":"ListItem","position":3,"name":"Speed Radars"}]},{"@type":"WebSite","@id":"https:\/\/jesuiscapable.info\/#website","url":"https:\/\/jesuiscapable.info\/","name":"\u00c0 pied \u00e0 v\u00e9lo je suis capable","description":"","potentialAction":[{"@type":"SearchAction","target":{"@type":"EntryPoint","urlTemplate":"https:\/\/jesuiscapable.info\/?s={search_term_string}"},"query-input":{"@type":"PropertyValueSpecification","valueRequired":true,"valueName":"search_term_string"}}],"inLanguage":"en-US"}]}},"_links":{"self":[{"href":"https:\/\/jesuiscapable.info\/en\/wp-json\/wp\/v2\/pages\/2199","targetHints":{"allow":["GET"]}}],"collection":[{"href":"https:\/\/jesuiscapable.info\/en\/wp-json\/wp\/v2\/pages"}],"about":[{"href":"https:\/\/jesuiscapable.info\/en\/wp-json\/wp\/v2\/types\/page"}],"author":[{"embeddable":true,"href":"https:\/\/jesuiscapable.info\/en\/wp-json\/wp\/v2\/users\/1"}],"replies":[{"embeddable":true,"href":"https:\/\/jesuiscapable.info\/en\/wp-json\/wp\/v2\/comments?post=2199"}],"version-history":[{"count":2,"href":"https:\/\/jesuiscapable.info\/en\/wp-json\/wp\/v2\/pages\/2199\/revisions"}],"predecessor-version":[{"id":2381,"href":"https:\/\/jesuiscapable.info\/en\/wp-json\/wp\/v2\/pages\/2199\/revisions\/2381"}],"up":[{"embeddable":true,"href":"https:\/\/jesuiscapable.info\/en\/wp-json\/wp\/v2\/pages\/2195"}],"wp:attachment":[{"href":"https:\/\/jesuiscapable.info\/en\/wp-json\/wp\/v2\/media?parent=2199"}],"curies":[{"name":"wp","href":"https:\/\/api.w.org\/{rel}","templated":true}]}}