{"id":2230,"date":"2023-01-16T14:26:55","date_gmt":"2023-01-16T19:26:55","guid":{"rendered":"http:\/\/jesuiscapable.info\/tools\/video-pedagogique-le-superpouvoir-de-timothe\/"},"modified":"2023-03-04T07:42:35","modified_gmt":"2023-03-04T12:42:35","slug":"educational-video-timothys-superpower","status":"publish","type":"page","link":"https:\/\/jesuiscapable.info\/en\/tools\/educational-video-timothys-superpower\/","title":{"rendered":"Educational video \u2013Timothy&#8217;s superpower"},"content":{"rendered":"","protected":false},"excerpt":{"rendered":"","protected":false},"author":1,"featured_media":0,"parent":2225,"menu_order":0,"comment_status":"closed","ping_status":"closed","template":"","meta":{"_acf_changed":false,"footnotes":""},"class_list":["post-2230","page","type-page","status-publish","hentry","entry"],"acf":[],"yoast_head":"<!-- This site is optimized with the Yoast SEO plugin v25.5 - https:\/\/yoast.com\/wordpress\/plugins\/seo\/ -->\n<title>Educational video \u2013Timothy&#039;s superpower - \u00c0 pied \u00e0 v\u00e9lo je suis capable<\/title>\n<meta name=\"robots\" content=\"index, follow, max-snippet:-1, max-image-preview:large, max-video-preview:-1\" \/>\n<link rel=\"canonical\" href=\"https:\/\/jesuiscapable.info\/en\/tools\/educational-video-timothys-superpower\/\" \/>\n<meta property=\"og:locale\" content=\"en_US\" \/>\n<meta property=\"og:type\" content=\"article\" \/>\n<meta property=\"og:title\" content=\"Educational video \u2013Timothy&#039;s superpower - \u00c0 pied \u00e0 v\u00e9lo je suis capable\" \/>\n<meta property=\"og:url\" content=\"https:\/\/jesuiscapable.info\/en\/tools\/educational-video-timothys-superpower\/\" \/>\n<meta property=\"og:site_name\" content=\"\u00c0 pied \u00e0 v\u00e9lo je suis capable\" \/>\n<meta property=\"article:modified_time\" content=\"2023-03-04T12:42:35+00:00\" \/>\n<meta name=\"twitter:card\" content=\"summary_large_image\" \/>\n<script type=\"application\/ld+json\" class=\"yoast-schema-graph\">{\"@context\":\"https:\/\/schema.org\",\"@graph\":[{\"@type\":\"WebPage\",\"@id\":\"https:\/\/jesuiscapable.info\/en\/tools\/educational-video-timothys-superpower\/\",\"url\":\"https:\/\/jesuiscapable.info\/en\/tools\/educational-video-timothys-superpower\/\",\"name\":\"Educational video \u2013Timothy's superpower - \u00c0 pied \u00e0 v\u00e9lo je suis capable\",\"isPartOf\":{\"@id\":\"https:\/\/jesuiscapable.info\/#website\"},\"datePublished\":\"2023-01-16T19:26:55+00:00\",\"dateModified\":\"2023-03-04T12:42:35+00:00\",\"breadcrumb\":{\"@id\":\"https:\/\/jesuiscapable.info\/en\/tools\/educational-video-timothys-superpower\/#breadcrumb\"},\"inLanguage\":\"en-US\",\"potentialAction\":[{\"@type\":\"ReadAction\",\"target\":[\"https:\/\/jesuiscapable.info\/en\/tools\/educational-video-timothys-superpower\/\"]}]},{\"@type\":\"BreadcrumbList\",\"@id\":\"https:\/\/jesuiscapable.info\/en\/tools\/educational-video-timothys-superpower\/#breadcrumb\",\"itemListElement\":[{\"@type\":\"ListItem\",\"position\":1,\"name\":\"Accueil\",\"item\":\"https:\/\/jesuiscapable.info\/en\/\"},{\"@type\":\"ListItem\",\"position\":2,\"name\":\"Tools\",\"item\":\"https:\/\/jesuiscapable.info\/en\/tools\/\"},{\"@type\":\"ListItem\",\"position\":3,\"name\":\"Educational video \u2013Timothy&#8217;s superpower\"}]},{\"@type\":\"WebSite\",\"@id\":\"https:\/\/jesuiscapable.info\/#website\",\"url\":\"https:\/\/jesuiscapable.info\/\",\"name\":\"\u00c0 pied \u00e0 v\u00e9lo je suis capable\",\"description\":\"\",\"potentialAction\":[{\"@type\":\"SearchAction\",\"target\":{\"@type\":\"EntryPoint\",\"urlTemplate\":\"https:\/\/jesuiscapable.info\/?s={search_term_string}\"},\"query-input\":{\"@type\":\"PropertyValueSpecification\",\"valueRequired\":true,\"valueName\":\"search_term_string\"}}],\"inLanguage\":\"en-US\"}]}<\/script>\n<!-- \/ Yoast SEO plugin. -->","yoast_head_json":{"title":"Educational video \u2013Timothy's superpower - \u00c0 pied \u00e0 v\u00e9lo je suis capable","robots":{"index":"index","follow":"follow","max-snippet":"max-snippet:-1","max-image-preview":"max-image-preview:large","max-video-preview":"max-video-preview:-1"},"canonical":"https:\/\/jesuiscapable.info\/en\/tools\/educational-video-timothys-superpower\/","og_locale":"en_US","og_type":"article","og_title":"Educational video \u2013Timothy's superpower - \u00c0 pied \u00e0 v\u00e9lo je suis capable","og_url":"https:\/\/jesuiscapable.info\/en\/tools\/educational-video-timothys-superpower\/","og_site_name":"\u00c0 pied \u00e0 v\u00e9lo je suis capable","article_modified_time":"2023-03-04T12:42:35+00:00","twitter_card":"summary_large_image","schema":{"@context":"https:\/\/schema.org","@graph":[{"@type":"WebPage","@id":"https:\/\/jesuiscapable.info\/en\/tools\/educational-video-timothys-superpower\/","url":"https:\/\/jesuiscapable.info\/en\/tools\/educational-video-timothys-superpower\/","name":"Educational video \u2013Timothy's superpower - \u00c0 pied \u00e0 v\u00e9lo je suis capable","isPartOf":{"@id":"https:\/\/jesuiscapable.info\/#website"},"datePublished":"2023-01-16T19:26:55+00:00","dateModified":"2023-03-04T12:42:35+00:00","breadcrumb":{"@id":"https:\/\/jesuiscapable.info\/en\/tools\/educational-video-timothys-superpower\/#breadcrumb"},"inLanguage":"en-US","potentialAction":[{"@type":"ReadAction","target":["https:\/\/jesuiscapable.info\/en\/tools\/educational-video-timothys-superpower\/"]}]},{"@type":"BreadcrumbList","@id":"https:\/\/jesuiscapable.info\/en\/tools\/educational-video-timothys-superpower\/#breadcrumb","itemListElement":[{"@type":"ListItem","position":1,"name":"Accueil","item":"https:\/\/jesuiscapable.info\/en\/"},{"@type":"ListItem","position":2,"name":"Tools","item":"https:\/\/jesuiscapable.info\/en\/tools\/"},{"@type":"ListItem","position":3,"name":"Educational video \u2013Timothy&#8217;s superpower"}]},{"@type":"WebSite","@id":"https:\/\/jesuiscapable.info\/#website","url":"https:\/\/jesuiscapable.info\/","name":"\u00c0 pied \u00e0 v\u00e9lo je suis capable","description":"","potentialAction":[{"@type":"SearchAction","target":{"@type":"EntryPoint","urlTemplate":"https:\/\/jesuiscapable.info\/?s={search_term_string}"},"query-input":{"@type":"PropertyValueSpecification","valueRequired":true,"valueName":"search_term_string"}}],"inLanguage":"en-US"}]}},"_links":{"self":[{"href":"https:\/\/jesuiscapable.info\/en\/wp-json\/wp\/v2\/pages\/2230","targetHints":{"allow":["GET"]}}],"collection":[{"href":"https:\/\/jesuiscapable.info\/en\/wp-json\/wp\/v2\/pages"}],"about":[{"href":"https:\/\/jesuiscapable.info\/en\/wp-json\/wp\/v2\/types\/page"}],"author":[{"embeddable":true,"href":"https:\/\/jesuiscapable.info\/en\/wp-json\/wp\/v2\/users\/1"}],"replies":[{"embeddable":true,"href":"https:\/\/jesuiscapable.info\/en\/wp-json\/wp\/v2\/comments?post=2230"}],"version-history":[{"count":4,"href":"https:\/\/jesuiscapable.info\/en\/wp-json\/wp\/v2\/pages\/2230\/revisions"}],"predecessor-version":[{"id":2418,"href":"https:\/\/jesuiscapable.info\/en\/wp-json\/wp\/v2\/pages\/2230\/revisions\/2418"}],"up":[{"embeddable":true,"href":"https:\/\/jesuiscapable.info\/en\/wp-json\/wp\/v2\/pages\/2225"}],"wp:attachment":[{"href":"https:\/\/jesuiscapable.info\/en\/wp-json\/wp\/v2\/media?parent=2230"}],"curies":[{"name":"wp","href":"https:\/\/api.w.org\/{rel}","templated":true}]}}